{"id":136,"date":"2021-06-29T15:12:04","date_gmt":"2021-06-29T08:12:04","guid":{"rendered":"https:\/\/phuan.tw.vu\/uncategorized\/laser-welding-machine-2\/"},"modified":"2021-07-01T15:37:50","modified_gmt":"2021-07-01T08:37:50","slug":"laser-welding-machine-2","status":"publish","type":"product","link":"https:\/\/phuanjewelry.com\/en\/product\/new-products\/laser-welding-machine-2\/","title":{"rendered":"Laser welding machine"},"content":{"rendered":"<div align=\"justify\"><b>Product feature<\/b><\/p>\n<p>Wizard laser welder has born thanks to continuous technological development and searching for new solutions. It is ideal for dental, goldsmith and eyewear laboratory. High technology and quality: WIZARD has a fully digital electronics. Welding is possible with or without wire with a controlled shot in diameter and energy. Its powerful cooling system protects electronics and allows continuous working.<br \/>&nbsp;<br \/>The laser welder is equipped with 10x Leica stero-microscope with 45\u00b0 inclination, a UV filter and high brightness LCD shutter. Simple and intuitive: WIZARD has a multi-language touch screen display which allows an easy setup of parameters to run the unit. It is possible to store 100 different welding programs, suitable for all works. The laser welder is equipped with a web-cam for tele-remote servicing.<br \/>&nbsp;<br \/>Solid and compact: WIZARD weight and sizes make it the smallest laser welder of its category and its front door permits an easy access of pieces to the inside of the welding chamber. The joystick inside the welding chamber and the cold and white light LED complete the equipment of a unit already on top of technology.<br \/>&nbsp;<\/div>\n<p><strong>Technical&nbsp; data<\/strong><\/p>\n<p>&nbsp; &nbsp;&nbsp;&nbsp; &nbsp;&nbsp;&nbsp; &nbsp;&nbsp;&nbsp; &nbsp;&nbsp;&nbsp; &nbsp; &nbsp; &nbsp;&nbsp;&nbsp; &nbsp;&nbsp;&nbsp; &nbsp;&nbsp;&nbsp; &nbsp;&nbsp;&nbsp; &nbsp; &nbsp; &nbsp;&nbsp;&nbsp; &nbsp;&nbsp;&nbsp; &nbsp;&nbsp;&nbsp; &nbsp;&nbsp;&nbsp; &nbsp; &nbsp; &nbsp;&nbsp;&nbsp; &nbsp;&nbsp;&nbsp; &nbsp;&nbsp;&nbsp; &nbsp;&nbsp;&nbsp; &nbsp; &nbsp; &nbsp;&nbsp;&nbsp; &nbsp;&nbsp;&nbsp; &nbsp;&nbsp;&nbsp; &nbsp;&nbsp;&nbsp; &nbsp; &nbsp; &nbsp;&nbsp;&nbsp; &nbsp;&nbsp;&nbsp; &nbsp;&nbsp;&nbsp; &nbsp;&nbsp;&nbsp; &nbsp; &nbsp; &nbsp;&nbsp;&nbsp; &nbsp;&nbsp;&nbsp; &nbsp;&nbsp;&nbsp; &nbsp;&nbsp;&nbsp; &nbsp; &nbsp; &nbsp;&nbsp;&nbsp; &nbsp;&nbsp;&nbsp; &nbsp;&nbsp;&nbsp; &nbsp;&nbsp;&nbsp; &nbsp; &nbsp; &nbsp;&nbsp;&nbsp; &nbsp;&nbsp;&nbsp; &nbsp;&nbsp;&nbsp; &nbsp;&nbsp;&nbsp; &nbsp; &nbsp; &nbsp;&nbsp;&nbsp; &nbsp;&nbsp;&nbsp; &nbsp;&nbsp;&nbsp; &nbsp;&nbsp;&nbsp; &nbsp; &nbsp; &nbsp;&nbsp;&nbsp; &nbsp;&nbsp;&nbsp; &nbsp;&nbsp;&nbsp; &nbsp;&nbsp;&nbsp; &nbsp; &nbsp; &nbsp;&nbsp;&nbsp; &nbsp;&nbsp;&nbsp; &nbsp;&nbsp;&nbsp; &nbsp;&nbsp;&nbsp; &nbsp; &nbsp; &nbsp;&nbsp;&nbsp; &nbsp;&nbsp;&nbsp; &nbsp;&nbsp;&nbsp; &nbsp;&nbsp;&nbsp; &nbsp; &nbsp; &nbsp;&nbsp;&nbsp; &nbsp;&nbsp;&nbsp; &nbsp;&nbsp;&nbsp; &nbsp;&nbsp;&nbsp; &nbsp; &nbsp; &nbsp;&nbsp;&nbsp; &nbsp;&nbsp;&nbsp; &nbsp;&nbsp;&nbsp; &nbsp;&nbsp;&nbsp; &nbsp; &nbsp; &nbsp;&nbsp;&nbsp; &nbsp;&nbsp;&nbsp; &nbsp;&nbsp;&nbsp; &nbsp;&nbsp;&nbsp; &nbsp; &nbsp; &nbsp;&nbsp;&nbsp; &nbsp;&nbsp;&nbsp; &nbsp;&nbsp;&nbsp; &nbsp;&nbsp;&nbsp; &nbsp; &nbsp; &nbsp;&nbsp;&nbsp; &nbsp;&nbsp;&nbsp; &nbsp;&nbsp;&nbsp; &nbsp;&nbsp;&nbsp; &nbsp; &nbsp; &nbsp;&nbsp;&nbsp; &nbsp;&nbsp;&nbsp; &nbsp;&nbsp;&nbsp; &nbsp;&nbsp;&nbsp; &nbsp; &nbsp; &nbsp;&nbsp;&nbsp; &nbsp;&nbsp;&nbsp; &nbsp;&nbsp;&nbsp; &nbsp;&nbsp;&nbsp; &nbsp; <\/p>\n<table align=\"center\" border=\"1\" cellpadding=\"0\" cellspacing=\"0\">\n<tbody>\n<tr>\n<td width=\"160\">&nbsp;&nbsp;&nbsp;&nbsp;&nbsp; Model <\/td>\n<td width=\"160\">\n<p align=\"center\">60 J<\/p>\n<\/td>\n<td width=\"160\">\n<p align=\"center\">80 J<\/p>\n<\/td>\n<td width=\"160\">\n<p align=\"center\">100 J<\/p>\n<\/td>\n<\/tr>\n<tr>\n<td width=\"160\">\n<p align=\"center\">Energy<\/p>\n<\/td>\n<td width=\"160\">\n<p align=\"center\">0,1 \u00f7 60 <\/p>\n<\/td>\n<td width=\"160\">\n<p align=\"center\">0,1 \u00f7 80 <\/p>\n<\/td>\n<td width=\"160\">\n<p align=\"center\">0,1 \u00f7 100 <\/p>\n<\/td>\n<\/tr>\n<tr>\n<td width=\"160\">\n<p align=\"center\">Average&nbsp;&nbsp;&nbsp; power<\/p>\n<\/td>\n<td width=\"160\">\n<p align=\"center\">45 W<\/p>\n<\/td>\n<td width=\"160\">\n<p align=\"center\">55 W<\/p>\n<\/td>\n<td width=\"160\">\n<p align=\"center\">65 W<\/p>\n<\/td>\n<\/tr>\n<tr>\n<td width=\"160\">\n<p align=\"center\">Absolute&nbsp;&nbsp;&nbsp; max. power<\/p>\n<\/td>\n<td width=\"160\">\n<p align=\"center\">50 W (@ 20ms)<\/p>\n<\/td>\n<td width=\"160\">\n<p align=\"center\">65 W (@ 20ms)<\/p>\n<\/td>\n<td width=\"160\">\n<p align=\"center\">75W (@ 20ms)<\/p>\n<\/td>\n<\/tr>\n<tr>\n<td width=\"160\">\n<p align=\"center\">Peak poker<\/p>\n<\/td>\n<td width=\"160\">\n<p align=\"center\">4,5 KW<\/p>\n<\/td>\n<td width=\"160\">\n<p align=\"center\">5 KW<\/p>\n<\/td>\n<td width=\"160\">\n<p align=\"center\">5 KW<\/p>\n<\/td>\n<\/tr>\n<tr>\n<td width=\"160\">\n<p align=\"center\">Impulse&nbsp;&nbsp;&nbsp; time<\/p>\n<\/td>\n<td width=\"160\">\n<p align=\"center\">0,1 \u00f7 10 ms<\/p>\n<\/td>\n<td width=\"160\">\n<p align=\"center\">0,1 \u00f7 20 ms<\/p>\n<\/td>\n<td width=\"160\">\n<p align=\"center\">0,1 \u00f7 20 ms<\/p>\n<\/td>\n<\/tr>\n<tr>\n<td width=\"160\">\n<p align=\"center\">Pulse&nbsp;&nbsp;&nbsp; frequence<\/p>\n<\/td>\n<td width=\"160\">\n<p align=\"center\">0,5 \u00f7 20 ms <\/p>\n<\/td>\n<td width=\"160\">\n<p align=\"center\">0,5 \u00f7 40 ms<\/p>\n<\/td>\n<td width=\"160\">\n<p align=\"center\">0,5 \u00f7 40 ms<\/p>\n<\/td>\n<\/tr>\n<tr>\n<td width=\"160\">\n<p align=\"center\">Laser&nbsp;&nbsp;&nbsp; source and wavelength<\/p>\n<\/td>\n<td width=\"160\">\n<p align=\"center\">Nd: YAG 1064<\/p>\n<\/td>\n<td width=\"160\">\n<p align=\"center\">Nd: YAG 1064<\/p>\n<\/td>\n<td width=\"160\">\n<p align=\"center\">Nd: YAG 1064<\/p>\n<\/td>\n<\/tr>\n<tr>\n<td width=\"160\">\n<p align=\"center\">Spot&nbsp;&nbsp;&nbsp; diameter<\/p>\n<\/td>\n<td width=\"160\">\n<p align=\"center\">0,2 \u00f7 2 mm <\/p>\n<\/td>\n<td width=\"160\">\n<p align=\"center\">0,2 \u00f7 2 mm <\/p>\n<\/td>\n<td width=\"160\">\n<p align=\"center\">0,2 \u00f7 2 mm <\/p>\n<\/td>\n<\/tr>\n<tr>\n<td width=\"160\">\n<p align=\"center\">Spot&nbsp;&nbsp;&nbsp; setting<\/p>\n<\/td>\n<td width=\"160\">\n<p align=\"center\">\u0111\u1ed9ng c\u01a1: 30 v\u1ecb tr\u00ed<\/p>\n<\/td>\n<td width=\"160\">\n<p align=\"center\">\u0111\u1ed9ng c\u01a1: 30 v\u1ecb tr\u00ed<\/p>\n<\/td>\n<td width=\"160\">\n<p align=\"center\">\u0111\u1ed9ng c\u01a1: 30 v\u1ecb tr\u00ed<\/p>\n<\/td>\n<\/tr>\n<tr>\n<td width=\"160\">\n<p align=\"center\">Wave shape<\/p>\n<\/td>\n<td width=\"160\">\n<p align=\"center\">6<\/p>\n<\/td>\n<td width=\"160\">\n<p align=\"center\">6<\/p>\n<\/td>\n<td width=\"160\">\n<p align=\"center\">6<\/p>\n<\/td>\n<\/tr>\n<tr>\n<td width=\"160\">\n<p align=\"center\">Programmable&nbsp;&nbsp;&nbsp; memories<\/p>\n<\/td>\n<td width=\"160\">\n<p align=\"center\">100<\/p>\n<\/td>\n<td width=\"160\">\n<p align=\"center\">100<\/p>\n<\/td>\n<td width=\"160\">\n<p align=\"center\">100<\/p>\n<\/td>\n<\/tr>\n<tr>\n<td width=\"160\">\n<p align=\"center\">External&nbsp;&nbsp;&nbsp; cotrol<\/p>\n<\/td>\n<td width=\"160\">\n<p align=\"center\">M\u00e0n h\u00ecnh&nbsp;&nbsp;&nbsp; c\u1ea3m \u1ee9ng<\/p>\n<\/td>\n<td width=\"160\">\n<p align=\"center\">M\u00e0n h\u00ecnh&nbsp;&nbsp;&nbsp; c\u1ea3m \u1ee9ng <\/p>\n<\/td>\n<td width=\"160\">\n<p align=\"center\">M\u00e0n h\u00ecnh&nbsp;&nbsp;&nbsp; c\u1ea3m \u1ee9ng <\/p>\n<\/td>\n<\/tr>\n<tr>\n<td width=\"160\">\n<p align=\"center\">Inner&nbsp;&nbsp;&nbsp; control<\/p>\n<\/td>\n<td width=\"160\">\n<p align=\"center\">C\u1ea7n g\u1ea1t<\/p>\n<\/td>\n<td width=\"160\">\n<p align=\"center\">C\u1ea7n g\u1ea1t<\/p>\n<\/td>\n<td width=\"160\">\n<p align=\"center\">C\u1ea7n g\u1ea1t<\/p>\n<\/td>\n<\/tr>\n<tr>\n<td width=\"160\">\n<p align=\"center\">Average&nbsp;&nbsp;&nbsp; absorbed power<\/p>\n<\/td>\n<td width=\"160\">\n<p align=\"center\">300 W<\/p>\n<\/td>\n<td width=\"160\">\n<p align=\"center\">300 W<\/p>\n<\/td>\n<td width=\"160\">\n<p align=\"center\">300 W<\/p>\n<\/td>\n<\/tr>\n<tr>\n<td width=\"160\">\n<p align=\"center\">Max.&nbsp;&nbsp;&nbsp; absorbed power<\/p>\n<\/td>\n<td width=\"160\">\n<p align=\"center\">1.700 W<\/p>\n<\/td>\n<td width=\"160\">\n<p align=\"center\">1.700 W<\/p>\n<\/td>\n<td width=\"160\">\n<p align=\"center\">1.700 W<\/p>\n<\/td>\n<\/tr>\n<tr>\n<td width=\"160\">\n<p align=\"center\">Microscope<\/p>\n<\/td>\n<td width=\"160\">\n<p align=\"center\">Leica 10x<\/p>\n<\/td>\n<td width=\"160\">\n<p align=\"center\">Leica 10x<\/p>\n<\/td>\n<td width=\"160\">\n<p align=\"center\">Leica 10x<\/p>\n<\/td>\n<\/tr>\n<tr>\n<td width=\"160\">\n<p>Cooling system<\/p>\n<\/td>\n<td width=\"160\">\n<p align=\"center\">kh\u00f4ng kh\u00ed v\u00e0 n\u01b0\u1edbc<\/p>\n<\/td>\n<td width=\"160\">\n<p align=\"center\">kh\u00f4ng kh\u00ed v\u00e0 n\u01b0\u1edbc<\/p>\n<\/td>\n<td width=\"160\">\n<p align=\"center\">kh\u00f4ng kh\u00ed v\u00e0 n\u01b0\u1edbc<\/p>\n<\/td>\n<\/tr>\n<tr>\n<td width=\"160\">\n<p align=\"center\">Dimensions<\/p>\n<\/td>\n<td width=\"160\">\n<p align=\"center\">35x63x45h cm<\/p>\n<\/td>\n<td width=\"160\">\n<p align=\"center\">35x63x45h cm<\/p>\n<\/td>\n<td width=\"160\">\n<p align=\"center\">35x63x45h cm<\/p>\n<\/td>\n<\/tr>\n<tr>\n<td width=\"160\">\n<p align=\"center\">Weight<\/p>\n<\/td>\n<td width=\"160\">\n<p align=\"center\">40 Kg<\/p>\n<\/td>\n<td width=\"160\">\n<p align=\"center\">40 Kg<\/p>\n<\/td>\n<td width=\"160\">\n<p align=\"center\">40 Kg<\/p>\n<\/td>\n<\/tr>\n<\/tbody>\n<\/table>\n<p>&nbsp;<\/p>\n<p>&nbsp; &nbsp;&nbsp;&nbsp; &nbsp;&nbsp;&nbsp; &nbsp;&nbsp;&nbsp; &nbsp; &nbsp; &nbsp;&nbsp;&nbsp; &nbsp;&nbsp;&nbsp; &nbsp;&nbsp;&nbsp; &nbsp; &nbsp; &nbsp;&nbsp;&nbsp; &nbsp;&nbsp;&nbsp; &nbsp;&nbsp;&nbsp; &nbsp; &nbsp; &nbsp;&nbsp;&nbsp; &nbsp;&nbsp;&nbsp; &nbsp;&nbsp;&nbsp; &nbsp; &nbsp; &nbsp;&nbsp;&nbsp; &nbsp;&nbsp;&nbsp; &nbsp;&nbsp;&nbsp; &nbsp; &nbsp; &nbsp;&nbsp;&nbsp; &nbsp;&nbsp;&nbsp; &nbsp;&nbsp;&nbsp; &nbsp; &nbsp; &nbsp;&nbsp;&nbsp; &nbsp;&nbsp;&nbsp; &nbsp;&nbsp;&nbsp; &nbsp; &nbsp; &nbsp;&nbsp;&nbsp; &nbsp;&nbsp;&nbsp; &nbsp;&nbsp;&nbsp; &nbsp; &nbsp; &nbsp;&nbsp;&nbsp; &nbsp;&nbsp;&nbsp; &nbsp;&nbsp;&nbsp; &nbsp; &nbsp; &nbsp;&nbsp;&nbsp; &nbsp;&nbsp;&nbsp; &nbsp;&nbsp;&nbsp; &nbsp; &nbsp; &nbsp;&nbsp;&nbsp; &nbsp;&nbsp;&nbsp; &nbsp;&nbsp;&nbsp; &nbsp; &nbsp; &nbsp;&nbsp;&nbsp; &nbsp;&nbsp;&nbsp; &nbsp;&nbsp;&nbsp; &nbsp; &nbsp; &nbsp;&nbsp;&nbsp; &nbsp;&nbsp;&nbsp; &nbsp;&nbsp;&nbsp; &nbsp; &nbsp; &nbsp;&nbsp;&nbsp; &nbsp;&nbsp;&nbsp; &nbsp;&nbsp;&nbsp; &nbsp; &nbsp; &nbsp;&nbsp;&nbsp; &nbsp;&nbsp;&nbsp; &nbsp;&nbsp;&nbsp; &nbsp; &nbsp; &nbsp;&nbsp;&nbsp; &nbsp;&nbsp;&nbsp; &nbsp;&nbsp;&nbsp; &nbsp; &nbsp; &nbsp;&nbsp;&nbsp; &nbsp;&nbsp;&nbsp; &nbsp;&nbsp;&nbsp; &nbsp; &nbsp; &nbsp;&nbsp;&nbsp; &nbsp;&nbsp;&nbsp; &nbsp;&nbsp;&nbsp; &nbsp; &nbsp; &nbsp;&nbsp;&nbsp; &nbsp;&nbsp;&nbsp; &nbsp;&nbsp;&nbsp; &nbsp; &nbsp; &nbsp;&nbsp;&nbsp; &nbsp;&nbsp;&nbsp; &nbsp;&nbsp;&nbsp; &nbsp; <\/p>\n<table align=\"center\" border=\"1\" cellpadding=\"0\" cellspacing=\"0\">\n<tbody>\n<tr>\n<td width=\"160\">\n<p align=\"center\">Model<\/p>\n<\/td>\n<td width=\"160\">\n<p align=\"center\">120 J<\/p>\n<\/td>\n<td width=\"160\">\n<p align=\"center\">140 J<\/p>\n<\/td>\n<\/tr>\n<tr>\n<td width=\"160\">\n<p align=\"center\">Energy<\/p>\n<\/td>\n<td width=\"160\">\n<p align=\"center\">0,1 \u00f7 120 <\/p>\n<\/td>\n<td width=\"160\">\n<p align=\"center\">0,1 \u00f7 140 <\/p>\n<\/td>\n<\/tr>\n<tr>\n<td width=\"160\">\n<p align=\"center\">Average&nbsp;&nbsp;&nbsp; power<\/p>\n<\/td>\n<td width=\"160\">\n<p align=\"center\">70 W<\/p>\n<\/td>\n<td width=\"160\">\n<p align=\"center\">80 W<\/p>\n<\/td>\n<\/tr>\n<tr>\n<td width=\"160\">\n<p align=\"center\">Absolute&nbsp;&nbsp;&nbsp; max. power<\/p>\n<\/td>\n<td width=\"160\">\n<p align=\"center\">85 W (@ 20ms)<\/p>\n<\/td>\n<td width=\"160\">\n<p align=\"center\">100 W (@ 20ms)<\/p>\n<\/td>\n<\/tr>\n<tr>\n<td width=\"160\">\n<p align=\"center\">Peak poker<\/p>\n<\/td>\n<td width=\"160\">\n<p align=\"center\">7 KW<\/p>\n<\/td>\n<td width=\"160\">\n<p align=\"center\">7 KW<\/p>\n<\/td>\n<\/tr>\n<tr>\n<td width=\"160\">\n<p align=\"center\">Impulse&nbsp;&nbsp;&nbsp; time<\/p>\n<\/td>\n<td width=\"160\">\n<p align=\"center\">0,1 \u00f7 20 ms<\/p>\n<\/td>\n<td width=\"160\">\n<p align=\"center\">0,1 \u00f7 20 ms<\/p>\n<\/td>\n<\/tr>\n<tr>\n<td width=\"160\">\n<p align=\"center\">Pulse&nbsp;&nbsp;&nbsp; frequence<\/p>\n<\/td>\n<td width=\"160\">\n<p align=\"center\">0,5 \u00f7 40 ms <\/p>\n<\/td>\n<td width=\"160\">\n<p align=\"center\">0,5 \u00f7 40 ms<\/p>\n<\/td>\n<\/tr>\n<tr>\n<td width=\"160\">\n<p align=\"center\">Laser&nbsp;&nbsp;&nbsp; source and wavelength<\/p>\n<\/td>\n<td width=\"160\">\n<p align=\"center\">Nd: YAG 1064<\/p>\n<\/td>\n<td width=\"160\">\n<p align=\"center\">Nd: YAG 1064<\/p>\n<\/td>\n<\/tr>\n<tr>\n<td width=\"160\">\n<p align=\"center\">Spot&nbsp;&nbsp;&nbsp; diameter<\/p>\n<\/td>\n<td width=\"160\">\n<p align=\"center\">0,2 \u00f7 2 mm <\/p>\n<\/td>\n<td width=\"160\">\n<p align=\"center\">0,2 \u00f7 2 mm <\/p>\n<\/td>\n<\/tr>\n<tr>\n<td width=\"160\">\n<p align=\"center\">Spot&nbsp;&nbsp;&nbsp; setting<\/p>\n<\/td>\n<td width=\"160\">\n<p align=\"center\">\u0111\u1ed9ng c\u01a1: 30 v\u1ecb tr\u00ed<\/p>\n<\/td>\n<td width=\"160\">\n<p align=\"center\">\u0111\u1ed9ng c\u01a1: 30 v\u1ecb tr\u00ed<\/p>\n<\/td>\n<\/tr>\n<tr>\n<td width=\"160\">\n<p align=\"center\">Wave shape<\/p>\n<\/td>\n<td width=\"160\">\n<p align=\"center\">6<\/p>\n<\/td>\n<td width=\"160\">\n<p align=\"center\">6<\/p>\n<\/td>\n<\/tr>\n<tr>\n<td width=\"160\">\n<p align=\"center\">Programmable&nbsp;&nbsp;&nbsp; memories<\/p>\n<\/td>\n<td width=\"160\">\n<p align=\"center\">100<\/p>\n<\/td>\n<td width=\"160\">\n<p align=\"center\">100<\/p>\n<\/td>\n<\/tr>\n<tr>\n<td width=\"160\">\n<p align=\"center\">External&nbsp;&nbsp;&nbsp; cotrol<\/p>\n<\/td>\n<td width=\"160\">\n<p align=\"center\">M\u00e0n h\u00ecnh&nbsp;&nbsp;&nbsp; c\u1ea3m \u1ee9ng<\/p>\n<\/td>\n<td width=\"160\">\n<p align=\"center\">M\u00e0n h\u00ecnh&nbsp;&nbsp;&nbsp; c\u1ea3m \u1ee9ng <\/p>\n<\/td>\n<\/tr>\n<tr>\n<td width=\"160\">\n<p align=\"center\">Inner&nbsp;&nbsp;&nbsp; control<\/p>\n<\/td>\n<td width=\"160\">\n<p align=\"center\">C\u1ea7n g\u1ea1t<\/p>\n<\/td>\n<td width=\"160\">\n<p align=\"center\">C\u1ea7n g\u1ea1t<\/p>\n<\/td>\n<\/tr>\n<tr>\n<td width=\"160\">\n<p align=\"center\">Average&nbsp;&nbsp;&nbsp; absorbed power<\/p>\n<\/td>\n<td width=\"160\">\n<p align=\"center\">300 W<\/p>\n<\/td>\n<td width=\"160\">\n<p align=\"center\">300 W<\/p>\n<\/td>\n<\/tr>\n<tr>\n<td width=\"160\">\n<p align=\"center\">Max.&nbsp;&nbsp;&nbsp; absorbed power<\/p>\n<\/td>\n<td width=\"160\">\n<p align=\"center\">1.700 W<\/p>\n<\/td>\n<td width=\"160\">\n<p align=\"center\">1.700 W<\/p>\n<\/td>\n<\/tr>\n<tr>\n<td width=\"160\">\n<p align=\"center\">Microscope<\/p>\n<\/td>\n<td width=\"160\">\n<p align=\"center\">Leica 10x<\/p>\n<\/td>\n<td width=\"160\">\n<p align=\"center\">Leica 10x<\/p>\n<\/td>\n<\/tr>\n<tr>\n<td width=\"160\">\n<p>Cooling system<\/p>\n<\/td>\n<td width=\"160\">\n<p align=\"center\">kh\u00f4ng kh\u00ed v\u00e0 n\u01b0\u1edbc<\/p>\n<\/td>\n<td width=\"160\">\n<p align=\"center\">kh\u00f4ng kh\u00ed v\u00e0 n\u01b0\u1edbc<\/p>\n<\/td>\n<\/tr>\n<tr>\n<td width=\"160\">\n<p align=\"center\">Dimensions<\/p>\n<\/td>\n<td width=\"160\">\n<p align=\"center\">35x63x45h cm<\/p>\n<\/td>\n<td width=\"160\">\n<p align=\"center\">35x63x45h cm<\/p>\n<\/td>\n<\/tr>\n<tr>\n<td width=\"160\">\n<p align=\"center\">Weight<\/p>\n<\/td>\n<td width=\"160\">\n<p align=\"center\">40 Kg<\/p>\n<\/td>\n<td width=\"160\">\n<p align=\"center\">40 Kg<\/p>\n<\/td>\n<\/tr>\n<\/tbody>\n<\/table>\n<p><\/p>\n","protected":false},"excerpt":{"rendered":"<p>Product feature Wizard laser welder has born thanks to continuous technological development and searching for new solutions. It is ideal for dental, goldsmith and eyewear laboratory. High technology and quality: WIZARD has a fully digital electronics. Welding is possible with or without wire with a controlled shot in diameter and energy. Its powerful cooling system [&#8230;]\n","protected":false},"featured_media":137,"comment_status":"closed","ping_status":"closed","template":"","meta":[],"product_brand":[],"product_cat":[37],"product_tag":[],"class_list":{"0":"post-136","1":"product","2":"type-product","3":"status-publish","4":"has-post-thumbnail","6":"product_cat-new-products","8":"first","9":"instock","10":"product-type-simple"},"_links":{"self":[{"href":"https:\/\/phuanjewelry.com\/en\/wp-json\/wp\/v2\/product\/136","targetHints":{"allow":["GET"]}}],"collection":[{"href":"https:\/\/phuanjewelry.com\/en\/wp-json\/wp\/v2\/product"}],"about":[{"href":"https:\/\/phuanjewelry.com\/en\/wp-json\/wp\/v2\/types\/product"}],"replies":[{"embeddable":true,"href":"https:\/\/phuanjewelry.com\/en\/wp-json\/wp\/v2\/comments?post=136"}],"wp:featuredmedia":[{"embeddable":true,"href":"https:\/\/phuanjewelry.com\/en\/wp-json\/wp\/v2\/media\/137"}],"wp:attachment":[{"href":"https:\/\/phuanjewelry.com\/en\/wp-json\/wp\/v2\/media?parent=136"}],"wp:term":[{"taxonomy":"product_brand","embeddable":true,"href":"https:\/\/phuanjewelry.com\/en\/wp-json\/wp\/v2\/product_brand?post=136"},{"taxonomy":"product_cat","embeddable":true,"href":"https:\/\/phuanjewelry.com\/en\/wp-json\/wp\/v2\/product_cat?post=136"},{"taxonomy":"product_tag","embeddable":true,"href":"https:\/\/phuanjewelry.com\/en\/wp-json\/wp\/v2\/product_tag?post=136"}],"curies":[{"name":"wp","href":"https:\/\/api.w.org\/{rel}","templated":true}]}}