{"id":82,"date":"2021-06-29T14:56:52","date_gmt":"2021-06-29T07:56:52","guid":{"rendered":"https:\/\/phuan.tw.vu\/uncategorized\/flaskmold-rubber-frame\/"},"modified":"2021-07-01T15:25:42","modified_gmt":"2021-07-01T08:25:42","slug":"flaskmold-rubber-frame","status":"publish","type":"product","link":"https:\/\/phuanjewelry.com\/en\/product\/casting-system\/flaskmold-rubber-frame\/","title":{"rendered":"FLASK,MOLD RUBBER FRAME"},"content":{"rendered":"<p><font color=\"0666a3\"><b>FLASK<\/b><\/font><\/p>\n<p>Materials: stainless steel<\/p>\n<p>Size:&nbsp; \u00d876 x 150 mm, \u00d870 x 200 mm, \u00d890 x 210 mm, \u00d890 x 240 mm, \u00d8114 x 210 mm, \u00d8114 x 250 mm.<\/p>\n<p><font color=\"0666a3\"><b>RUBBER MOULD CUTTING MACHINE <\/b><\/font><\/p>\n<p>Size: 47 x 89 x 16 mm, 47 x 89 x 25 mm, 47&nbsp; x 89 x 35 mm, 26 x 58 x 25 mm, 48 x 73 x 20 mm, 48 x 73 x 25 mm, 48 x 73 x 16 mm, 48 x 73 x 19 mm, 40 x 60 x 16 mm, 40 x 60 x 20 mm, 50 x 70 x 30 mm (D\u00e0i x R\u1ed9ng x Cao)<\/p>\n","protected":false},"excerpt":{"rendered":"<p>FLASK Materials: stainless steel Size:&nbsp; \u00d876 x 150 mm, \u00d870 x 200 mm, \u00d890 x 210 mm, \u00d890 x 240 mm, \u00d8114 x 210 mm, \u00d8114 x 250 mm. RUBBER MOULD CUTTING MACHINE Size: 47 x 89 x 16 mm, 47 x 89 x 25 mm, 47&nbsp; x 89 x 35 mm, 26 x 58 [&#8230;]\n","protected":false},"featured_media":83,"comment_status":"closed","ping_status":"closed","template":"","meta":[],"product_brand":[],"product_cat":[29],"product_tag":[],"class_list":{"0":"post-82","1":"product","2":"type-product","3":"status-publish","4":"has-post-thumbnail","6":"product_cat-casting-system","8":"first","9":"instock","10":"product-type-simple"},"_links":{"self":[{"href":"https:\/\/phuanjewelry.com\/en\/wp-json\/wp\/v2\/product\/82","targetHints":{"allow":["GET"]}}],"collection":[{"href":"https:\/\/phuanjewelry.com\/en\/wp-json\/wp\/v2\/product"}],"about":[{"href":"https:\/\/phuanjewelry.com\/en\/wp-json\/wp\/v2\/types\/product"}],"replies":[{"embeddable":true,"href":"https:\/\/phuanjewelry.com\/en\/wp-json\/wp\/v2\/comments?post=82"}],"wp:featuredmedia":[{"embeddable":true,"href":"https:\/\/phuanjewelry.com\/en\/wp-json\/wp\/v2\/media\/83"}],"wp:attachment":[{"href":"https:\/\/phuanjewelry.com\/en\/wp-json\/wp\/v2\/media?parent=82"}],"wp:term":[{"taxonomy":"product_brand","embeddable":true,"href":"https:\/\/phuanjewelry.com\/en\/wp-json\/wp\/v2\/product_brand?post=82"},{"taxonomy":"product_cat","embeddable":true,"href":"https:\/\/phuanjewelry.com\/en\/wp-json\/wp\/v2\/product_cat?post=82"},{"taxonomy":"product_tag","embeddable":true,"href":"https:\/\/phuanjewelry.com\/en\/wp-json\/wp\/v2\/product_tag?post=82"}],"curies":[{"name":"wp","href":"https:\/\/api.w.org\/{rel}","templated":true}]}}